{"id":130,"date":"2024-07-31T16:19:30","date_gmt":"2024-07-31T19:19:30","guid":{"rendered":"https:\/\/avpa.cl\/new\/?page_id=130"},"modified":"2024-08-05T16:46:10","modified_gmt":"2024-08-05T19:46:10","slug":"escuelas-de-verano","status":"publish","type":"page","link":"https:\/\/avpa.cl\/new\/escuelas-de-verano\/","title":{"rendered":"Escuelas de verano"},"content":{"rendered":"<div class=\"vce-row-container\" data-vce-boxed-width=\"true\"><div class=\"vce-row vce-row--col-gap-30 vce-row-equal-height vce-row-content--top\" id=\"el-a3ce8795\" data-vce-do-apply=\"all el-a3ce8795\"><div class=\"vce-row-content\" data-vce-element-content=\"true\"><div class=\"vce-col vce-col--md-70p vce-col--xs-1 vce-col--xs-last vce-col--xs-first vce-col--sm-last vce-col--sm-first vce-col--md-first vce-col--lg-first vce-col--xl-first\" id=\"el-17d8ad8c\"><div class=\"vce-col-inner\" data-vce-do-apply=\"border margin background  el-17d8ad8c\"><div class=\"vce-col-content\" data-vce-element-content=\"true\" data-vce-do-apply=\"padding el-17d8ad8c\"><div class=\"vce-text-block\"><div class=\"vce-text-block-wrapper vce\" id=\"el-012bc0e0\" data-vce-do-apply=\"all el-012bc0e0\">\n<p>Las \u00abEscuelas Formativas de Verano,\u00bb desarrolladas en los meses de enero y febrero, ofrece a los ni\u00f1os y j\u00f3venes un espacio para aprender voleibol en el periodo estival, momento en el que no son frecuentes las actividades de esparcimiento en Magallanes. Con esto, se fomenta una actividad deportiva sana, la posibilidad de masificar el voleibol, y adem\u00e1s de reclutar a nuevos jugadores para el trabajo formativo y consecuentes selecciones regionales.<\/p>\n\n\n<div class=\"wp-block-image\">\n<figure class=\"aligncenter size-full\"><img loading=\"lazy\" decoding=\"async\" width=\"1024\" height=\"576\" src=\"https:\/\/avpa.cl\/new\/wp-content\/uploads\/2024\/08\/1\u00b0-Talleres-de-Verano-AVPA-02.20.20-Flyer-1024x576-1.jpg\" alt=\"\" class=\"wp-image-363\" srcset=\"https:\/\/avpa.cl\/new\/wp-content\/uploads\/2024\/08\/1\u00b0-Talleres-de-Verano-AVPA-02.20.20-Flyer-1024x576-1.jpg 1024w, https:\/\/avpa.cl\/new\/wp-content\/uploads\/2024\/08\/1\u00b0-Talleres-de-Verano-AVPA-02.20.20-Flyer-1024x576-1-300x169.jpg 300w, https:\/\/avpa.cl\/new\/wp-content\/uploads\/2024\/08\/1\u00b0-Talleres-de-Verano-AVPA-02.20.20-Flyer-1024x576-1-768x432.jpg 768w\" sizes=\"auto, (max-width: 1024px) 100vw, 1024px\" \/><\/figure>\n<\/div>\n\n\n<figure class=\"wp-block-gallery has-nested-images columns-default is-cropped wp-block-gallery-1 is-layout-flex wp-block-gallery-is-layout-flex\">\n<figure class=\"wp-block-image size-large\"><img data-id=\"364\" loading=\"lazy\" decoding=\"async\" width=\"1024\" height=\"681\" src=\"https:\/\/avpa.cl\/new\/wp-content\/uploads\/2024\/08\/DSC_0020b-1024x681-1.jpg\" alt=\"\" class=\"wp-image-364\" srcset=\"https:\/\/avpa.cl\/new\/wp-content\/uploads\/2024\/08\/DSC_0020b-1024x681-1.jpg 1024w, https:\/\/avpa.cl\/new\/wp-content\/uploads\/2024\/08\/DSC_0020b-1024x681-1-300x200.jpg 300w, https:\/\/avpa.cl\/new\/wp-content\/uploads\/2024\/08\/DSC_0020b-1024x681-1-768x511.jpg 768w\" sizes=\"auto, (max-width: 1024px) 100vw, 1024px\" \/><\/figure>\n\n\n\n<figure class=\"wp-block-image size-large\"><img data-id=\"365\" loading=\"lazy\" decoding=\"async\" width=\"1024\" height=\"681\" src=\"https:\/\/avpa.cl\/new\/wp-content\/uploads\/2024\/08\/DSC_0021b-1-1024x681-1.jpg\" alt=\"\" class=\"wp-image-365\" srcset=\"https:\/\/avpa.cl\/new\/wp-content\/uploads\/2024\/08\/DSC_0021b-1-1024x681-1.jpg 1024w, https:\/\/avpa.cl\/new\/wp-content\/uploads\/2024\/08\/DSC_0021b-1-1024x681-1-300x200.jpg 300w, https:\/\/avpa.cl\/new\/wp-content\/uploads\/2024\/08\/DSC_0021b-1-1024x681-1-768x511.jpg 768w\" sizes=\"auto, (max-width: 1024px) 100vw, 1024px\" \/><\/figure>\n\n\n\n<figure class=\"wp-block-image size-large\"><img data-id=\"366\" loading=\"lazy\" decoding=\"async\" width=\"1024\" height=\"681\" src=\"https:\/\/avpa.cl\/new\/wp-content\/uploads\/2024\/08\/DSC_0026b-1024x681-1.jpg\" alt=\"\" class=\"wp-image-366\" srcset=\"https:\/\/avpa.cl\/new\/wp-content\/uploads\/2024\/08\/DSC_0026b-1024x681-1.jpg 1024w, https:\/\/avpa.cl\/new\/wp-content\/uploads\/2024\/08\/DSC_0026b-1024x681-1-300x200.jpg 300w, https:\/\/avpa.cl\/new\/wp-content\/uploads\/2024\/08\/DSC_0026b-1024x681-1-768x511.jpg 768w\" sizes=\"auto, (max-width: 1024px) 100vw, 1024px\" \/><\/figure>\n\n\n\n<figure class=\"wp-block-image size-large\"><img data-id=\"367\" loading=\"lazy\" decoding=\"async\" width=\"1024\" height=\"681\" src=\"https:\/\/avpa.cl\/new\/wp-content\/uploads\/2024\/08\/DSC_0027b-1024x681-1.jpg\" alt=\"\" class=\"wp-image-367\" srcset=\"https:\/\/avpa.cl\/new\/wp-content\/uploads\/2024\/08\/DSC_0027b-1024x681-1.jpg 1024w, https:\/\/avpa.cl\/new\/wp-content\/uploads\/2024\/08\/DSC_0027b-1024x681-1-300x200.jpg 300w, https:\/\/avpa.cl\/new\/wp-content\/uploads\/2024\/08\/DSC_0027b-1024x681-1-768x511.jpg 768w\" sizes=\"auto, (max-width: 1024px) 100vw, 1024px\" \/><\/figure>\n\n\n\n<figure class=\"wp-block-image size-large\"><img data-id=\"368\" loading=\"lazy\" decoding=\"async\" width=\"1024\" height=\"681\" src=\"https:\/\/avpa.cl\/new\/wp-content\/uploads\/2024\/08\/DSC_0031b-1-1024x681-1.jpg\" alt=\"\" class=\"wp-image-368\" srcset=\"https:\/\/avpa.cl\/new\/wp-content\/uploads\/2024\/08\/DSC_0031b-1-1024x681-1.jpg 1024w, https:\/\/avpa.cl\/new\/wp-content\/uploads\/2024\/08\/DSC_0031b-1-1024x681-1-300x200.jpg 300w, https:\/\/avpa.cl\/new\/wp-content\/uploads\/2024\/08\/DSC_0031b-1-1024x681-1-768x511.jpg 768w\" sizes=\"auto, (max-width: 1024px) 100vw, 1024px\" \/><\/figure>\n\n\n\n<figure class=\"wp-block-image size-large\"><img data-id=\"369\" loading=\"lazy\" decoding=\"async\" width=\"1024\" height=\"681\" src=\"https:\/\/avpa.cl\/new\/wp-content\/uploads\/2024\/08\/DSC_0007b-1024x681-1.jpg\" alt=\"\" class=\"wp-image-369\" srcset=\"https:\/\/avpa.cl\/new\/wp-content\/uploads\/2024\/08\/DSC_0007b-1024x681-1.jpg 1024w, https:\/\/avpa.cl\/new\/wp-content\/uploads\/2024\/08\/DSC_0007b-1024x681-1-300x200.jpg 300w, https:\/\/avpa.cl\/new\/wp-content\/uploads\/2024\/08\/DSC_0007b-1024x681-1-768x511.jpg 768w\" sizes=\"auto, (max-width: 1024px) 100vw, 1024px\" \/><\/figure>\n\n\n\n<figure class=\"wp-block-image size-large\"><img data-id=\"370\" loading=\"lazy\" decoding=\"async\" width=\"1024\" height=\"681\" src=\"https:\/\/avpa.cl\/new\/wp-content\/uploads\/2024\/08\/DSC_0008b-1024x681-1.jpg\" alt=\"\" class=\"wp-image-370\" srcset=\"https:\/\/avpa.cl\/new\/wp-content\/uploads\/2024\/08\/DSC_0008b-1024x681-1.jpg 1024w, https:\/\/avpa.cl\/new\/wp-content\/uploads\/2024\/08\/DSC_0008b-1024x681-1-300x200.jpg 300w, https:\/\/avpa.cl\/new\/wp-content\/uploads\/2024\/08\/DSC_0008b-1024x681-1-768x511.jpg 768w\" sizes=\"auto, (max-width: 1024px) 100vw, 1024px\" \/><\/figure>\n\n\n\n<figure class=\"wp-block-image size-large\"><img data-id=\"371\" loading=\"lazy\" decoding=\"async\" width=\"1024\" height=\"681\" src=\"https:\/\/avpa.cl\/new\/wp-content\/uploads\/2024\/08\/DSC_0011b-1024x681-1.jpg\" alt=\"\" class=\"wp-image-371\" srcset=\"https:\/\/avpa.cl\/new\/wp-content\/uploads\/2024\/08\/DSC_0011b-1024x681-1.jpg 1024w, https:\/\/avpa.cl\/new\/wp-content\/uploads\/2024\/08\/DSC_0011b-1024x681-1-300x200.jpg 300w, https:\/\/avpa.cl\/new\/wp-content\/uploads\/2024\/08\/DSC_0011b-1024x681-1-768x511.jpg 768w\" sizes=\"auto, (max-width: 1024px) 100vw, 1024px\" \/><\/figure>\n\n\n\n<figure class=\"wp-block-image size-large\"><img data-id=\"372\" loading=\"lazy\" decoding=\"async\" width=\"1024\" height=\"681\" src=\"https:\/\/avpa.cl\/new\/wp-content\/uploads\/2024\/08\/DSC_0013b-1024x681-1.jpg\" alt=\"\" class=\"wp-image-372\" srcset=\"https:\/\/avpa.cl\/new\/wp-content\/uploads\/2024\/08\/DSC_0013b-1024x681-1.jpg 1024w, https:\/\/avpa.cl\/new\/wp-content\/uploads\/2024\/08\/DSC_0013b-1024x681-1-300x200.jpg 300w, https:\/\/avpa.cl\/new\/wp-content\/uploads\/2024\/08\/DSC_0013b-1024x681-1-768x511.jpg 768w\" sizes=\"auto, (max-width: 1024px) 100vw, 1024px\" \/><\/figure>\n<\/figure>\n\n\n\n<p><strong>Escuela Formativa de Verano de 2020.<\/strong>&nbsp;La escuela fue dirigida por el Profesor Rodrigo Mart\u00ednez y la especialista M\u00f3nica L\u00f3pez. Se desarroll\u00f3 regularmente dos veces por semana, en los meses de enero y febrero de 2020, con una convocatoria promedio superior a 40 ni\u00f1os en cada jornada. Como Asociaci\u00f3n estamos muy agradecidos del esfuerzo y buen trabajo de los profesores, del apoyo de los padres y del entusiasmo y compromiso de los ni\u00f1os. El \u00e9xito de esta actividad nos motiva para mantener esta actividad en los a\u00f1os que siguen.<\/p>\n\n\n\n<figure class=\"wp-block-embed is-type-video is-provider-youtube wp-block-embed-youtube wp-embed-aspect-16-9 wp-has-aspect-ratio\"><div class=\"wp-block-embed__wrapper\">\n<div class=\"nv-iframe-embed\"><iframe loading=\"lazy\" title=\"Esc  Verano 2020\" width=\"1200\" height=\"675\" src=\"https:\/\/www.youtube.com\/embed\/qOVZ8sYblZA?feature=oembed\" frameborder=\"0\" allow=\"accelerometer; autoplay; clipboard-write; encrypted-media; gyroscope; picture-in-picture; web-share\" referrerpolicy=\"strict-origin-when-cross-origin\" allowfullscreen><\/iframe><\/div>\n<\/div><\/figure>\n<\/div><\/div><\/div><\/div><\/div><div class=\"vce-col vce-col--md-30p vce-col--xs-1 vce-col--xs-last vce-col--xs-first vce-col--sm-last vce-col--sm-first vce-col--md-last vce-col--lg-last vce-col--xl-last\" id=\"el-ac290d3f\"><div class=\"vce-col-inner\" data-vce-do-apply=\"border margin background  el-ac290d3f\"><div class=\"vce-col-content\" data-vce-element-content=\"true\" data-vce-do-apply=\"padding el-ac290d3f\"><div class=\"vce-shortcode\"><div class=\"vce-shortcode-wrapper vce\" id=\"el-ab413997\" data-vce-do-apply=\"all el-ab413997\"><style type=\"text\/css\">\r\n       .errordiv { padding:10px; margin:10px; border: 1px solid #555555;color: #000000;background-color: #f8f8f8; width:500px; }#advanced_iframe {visibility:visible;opacity:1;vertical-align:top;}.ai-info-bottom-iframe { position: fixed; z-index: 10000; bottom:0; left: 0; margin: 0px; text-align: center; width: 100%; background-color: #ff9999; padding-left: 5px;padding-bottom: 5px; border-top: 1px solid #aaa } a.ai-bold {font-weight: bold;}#ai-layer-div-advanced_iframe p {height:100%;margin:0;padding:0}<\/style><script type=\"text\/javascript\">var ai_iframe_width_advanced_iframe = 0;var ai_iframe_height_advanced_iframe = 0;function aiReceiveMessageadvanced_iframe(event) {  aiProcessMessage(event,\"advanced_iframe\", \"true\");}if (window.addEventListener) {  window.addEventListener(\"message\", aiReceiveMessageadvanced_iframe);} else if (el.attachEvent)  {  el.attachEvent(\"message\", aiReceiveMessageadvanced_iframe);}var aiIsIe8=false;var aiOnloadScrollTop=\"true\";var aiShowDebug=false;\r\n\t\tif (typeof aiReadyCallbacks === 'undefined') {\r\n\t\t\tvar aiReadyCallbacks = [];  \r\n\t\t} else if (!(aiReadyCallbacks instanceof Array)) {\r\n\t\t\tvar aiReadyCallbacks = [];\r\n\t\t}    function aiShowIframeId(id_iframe) { jQuery(\"#\"+id_iframe).css(\"visibility\", \"visible\");    }    function aiResizeIframeHeight(height) { aiResizeIframeHeight(height,advanced_iframe); }    function aiResizeIframeHeightId(height,width,id) {aiResizeIframeHeightById(id,height);}<\/script><iframe id=\"advanced_iframe\"  name=\"advanced_iframe\"  src=\"https:\/\/avpa.cl\/online\/sidebar.php\"  width=\"100%\"  height=\"100vh\"  scrolling=\"no\"  frameborder=\"0\"  allowtransparency=\"true\"  loading=\"lazy\"  style=\";width:100%;height:100vh;\"  onload='aiResizeIframe(this, &quot;false&quot;,&quot;1&quot;)' ><\/iframe><script type=\"text\/javascript\">var ifrm_advanced_iframe = document.getElementById(\"advanced_iframe\");var hiddenTabsDoneadvanced_iframe = false;\r\nfunction resizeCallbackadvanced_iframe() {}<\/script><script type=\"text\/javascript\"><\/script><\/div><\/div><\/div><\/div><\/div><\/div><\/div><\/div>","protected":false},"excerpt":{"rendered":"<p>Las \u00abEscuelas Formativas de Verano,\u00bb desarrolladas en los meses de enero y febrero, ofrece a los ni\u00f1os y j\u00f3venes un espacio para aprender voleibol en el periodo estival, momento en el que no son frecuentes las actividades de esparcimiento en Magallanes. Con esto, se fomenta una actividad deportiva sana, la posibilidad de masificar el voleibol,&hellip;&nbsp;<a href=\"https:\/\/avpa.cl\/new\/escuelas-de-verano\/\" class=\"\" rel=\"bookmark\">Read More &raquo;<span class=\"screen-reader-text\">Escuelas de verano<\/span><\/a><\/p>\n","protected":false},"author":1,"featured_media":0,"parent":0,"menu_order":0,"comment_status":"closed","ping_status":"closed","template":"","meta":{"neve_meta_sidebar":"","neve_meta_container":"","neve_meta_enable_content_width":"","neve_meta_content_width":0,"neve_meta_title_alignment":"","neve_meta_author_avatar":"","neve_post_elements_order":"","neve_meta_disable_header":"","neve_meta_disable_footer":"","neve_meta_disable_title":"","footnotes":""},"class_list":["post-130","page","type-page","status-publish","hentry"],"_links":{"self":[{"href":"https:\/\/avpa.cl\/new\/wp-json\/wp\/v2\/pages\/130","targetHints":{"allow":["GET"]}}],"collection":[{"href":"https:\/\/avpa.cl\/new\/wp-json\/wp\/v2\/pages"}],"about":[{"href":"https:\/\/avpa.cl\/new\/wp-json\/wp\/v2\/types\/page"}],"author":[{"embeddable":true,"href":"https:\/\/avpa.cl\/new\/wp-json\/wp\/v2\/users\/1"}],"replies":[{"embeddable":true,"href":"https:\/\/avpa.cl\/new\/wp-json\/wp\/v2\/comments?post=130"}],"version-history":[{"count":5,"href":"https:\/\/avpa.cl\/new\/wp-json\/wp\/v2\/pages\/130\/revisions"}],"predecessor-version":[{"id":567,"href":"https:\/\/avpa.cl\/new\/wp-json\/wp\/v2\/pages\/130\/revisions\/567"}],"wp:attachment":[{"href":"https:\/\/avpa.cl\/new\/wp-json\/wp\/v2\/media?parent=130"}],"curies":[{"name":"wp","href":"https:\/\/api.w.org\/{rel}","templated":true}]}}