{"id":133,"date":"2024-07-31T16:20:06","date_gmt":"2024-07-31T19:20:06","guid":{"rendered":"https:\/\/avpa.cl\/new\/?page_id=133"},"modified":"2024-08-05T16:49:06","modified_gmt":"2024-08-05T19:49:06","slug":"escuelas-mini","status":"publish","type":"page","link":"https:\/\/avpa.cl\/new\/escuelas-mini\/","title":{"rendered":"Escuelas mini"},"content":{"rendered":"<div class=\"vce-row-container\" data-vce-boxed-width=\"true\"><div class=\"vce-row vce-row--col-gap-30 vce-row-equal-height vce-row-content--top\" id=\"el-69e230fe\" data-vce-do-apply=\"all el-69e230fe\"><div class=\"vce-row-content\" data-vce-element-content=\"true\"><div class=\"vce-col vce-col--md-70p vce-col--xs-1 vce-col--xs-last vce-col--xs-first vce-col--sm-last vce-col--sm-first vce-col--md-first vce-col--lg-first vce-col--xl-first\" id=\"el-8ae284b0\"><div class=\"vce-col-inner\" data-vce-do-apply=\"border margin background  el-8ae284b0\"><div class=\"vce-col-content\" data-vce-element-content=\"true\" data-vce-do-apply=\"padding el-8ae284b0\"><div class=\"vce-text-block\"><div class=\"vce-text-block-wrapper vce\" id=\"el-2f066b53\" data-vce-do-apply=\"all el-2f066b53\">\n<p>Con fecha s\u00e1bado 13 de octubre de 2018, la Asociaci\u00f3n en conjunto con los Colegios The British School y Alem\u00e1n de Punta Arenas, desarroll\u00f3 un encuentro Mini para menores entre 7 y 12 a\u00f1os, quienes mostraron gran entusiasmo y j\u00fabilo. Agradecimos en su momento a los profesores Roberthino Hodge, Alejandro Alvarado y Johana Araya, por haber congregado a sus alumnos para desarrollar esta actividad.<\/p>\n\n\n\n<figure class=\"wp-block-gallery has-nested-images columns-default is-cropped wp-block-gallery-1 is-layout-flex wp-block-gallery-is-layout-flex\">\n<figure class=\"wp-block-image size-large\"><img data-id=\"378\" loading=\"lazy\" decoding=\"async\" width=\"1024\" height=\"681\" src=\"https:\/\/avpa.cl\/new\/wp-content\/uploads\/2024\/08\/DSC_0085b-1-1024x681-1.jpg\" alt=\"\" class=\"wp-image-378\" srcset=\"https:\/\/avpa.cl\/new\/wp-content\/uploads\/2024\/08\/DSC_0085b-1-1024x681-1.jpg 1024w, https:\/\/avpa.cl\/new\/wp-content\/uploads\/2024\/08\/DSC_0085b-1-1024x681-1-300x200.jpg 300w, https:\/\/avpa.cl\/new\/wp-content\/uploads\/2024\/08\/DSC_0085b-1-1024x681-1-768x511.jpg 768w\" sizes=\"auto, (max-width: 1024px) 100vw, 1024px\" \/><\/figure>\n\n\n\n<figure class=\"wp-block-image size-large\"><img data-id=\"379\" loading=\"lazy\" decoding=\"async\" width=\"1024\" height=\"681\" src=\"https:\/\/avpa.cl\/new\/wp-content\/uploads\/2024\/08\/DSC_0118b-1-1024x681-1.jpg\" alt=\"\" class=\"wp-image-379\" srcset=\"https:\/\/avpa.cl\/new\/wp-content\/uploads\/2024\/08\/DSC_0118b-1-1024x681-1.jpg 1024w, https:\/\/avpa.cl\/new\/wp-content\/uploads\/2024\/08\/DSC_0118b-1-1024x681-1-300x200.jpg 300w, https:\/\/avpa.cl\/new\/wp-content\/uploads\/2024\/08\/DSC_0118b-1-1024x681-1-768x511.jpg 768w\" sizes=\"auto, (max-width: 1024px) 100vw, 1024px\" \/><\/figure>\n\n\n\n<figure class=\"wp-block-image size-large\"><img data-id=\"380\" loading=\"lazy\" decoding=\"async\" width=\"1024\" height=\"681\" src=\"https:\/\/avpa.cl\/new\/wp-content\/uploads\/2024\/08\/DSC_0126b-1-1024x681-1.jpg\" alt=\"\" class=\"wp-image-380\" srcset=\"https:\/\/avpa.cl\/new\/wp-content\/uploads\/2024\/08\/DSC_0126b-1-1024x681-1.jpg 1024w, https:\/\/avpa.cl\/new\/wp-content\/uploads\/2024\/08\/DSC_0126b-1-1024x681-1-300x200.jpg 300w, https:\/\/avpa.cl\/new\/wp-content\/uploads\/2024\/08\/DSC_0126b-1-1024x681-1-768x511.jpg 768w\" sizes=\"auto, (max-width: 1024px) 100vw, 1024px\" \/><\/figure>\n\n\n\n<figure class=\"wp-block-image size-large\"><img data-id=\"381\" loading=\"lazy\" decoding=\"async\" width=\"1024\" height=\"681\" src=\"https:\/\/avpa.cl\/new\/wp-content\/uploads\/2024\/08\/DSC_0128b-1-1024x681-1.jpg\" alt=\"\" class=\"wp-image-381\" srcset=\"https:\/\/avpa.cl\/new\/wp-content\/uploads\/2024\/08\/DSC_0128b-1-1024x681-1.jpg 1024w, https:\/\/avpa.cl\/new\/wp-content\/uploads\/2024\/08\/DSC_0128b-1-1024x681-1-300x200.jpg 300w, https:\/\/avpa.cl\/new\/wp-content\/uploads\/2024\/08\/DSC_0128b-1-1024x681-1-768x511.jpg 768w\" sizes=\"auto, (max-width: 1024px) 100vw, 1024px\" \/><\/figure>\n\n\n\n<figure class=\"wp-block-image size-large\"><img data-id=\"382\" loading=\"lazy\" decoding=\"async\" width=\"1024\" height=\"681\" src=\"https:\/\/avpa.cl\/new\/wp-content\/uploads\/2024\/08\/DSC_0074b-1-1024x681-1.jpg\" alt=\"\" class=\"wp-image-382\" srcset=\"https:\/\/avpa.cl\/new\/wp-content\/uploads\/2024\/08\/DSC_0074b-1-1024x681-1.jpg 1024w, https:\/\/avpa.cl\/new\/wp-content\/uploads\/2024\/08\/DSC_0074b-1-1024x681-1-300x200.jpg 300w, https:\/\/avpa.cl\/new\/wp-content\/uploads\/2024\/08\/DSC_0074b-1-1024x681-1-768x511.jpg 768w\" sizes=\"auto, (max-width: 1024px) 100vw, 1024px\" \/><\/figure>\n\n\n\n<figure class=\"wp-block-image size-large\"><img data-id=\"383\" loading=\"lazy\" decoding=\"async\" width=\"1024\" height=\"681\" src=\"https:\/\/avpa.cl\/new\/wp-content\/uploads\/2024\/08\/DSC_0075b-1-1024x681-1.jpg\" alt=\"\" class=\"wp-image-383\" srcset=\"https:\/\/avpa.cl\/new\/wp-content\/uploads\/2024\/08\/DSC_0075b-1-1024x681-1.jpg 1024w, https:\/\/avpa.cl\/new\/wp-content\/uploads\/2024\/08\/DSC_0075b-1-1024x681-1-300x200.jpg 300w, https:\/\/avpa.cl\/new\/wp-content\/uploads\/2024\/08\/DSC_0075b-1-1024x681-1-768x511.jpg 768w\" sizes=\"auto, (max-width: 1024px) 100vw, 1024px\" \/><\/figure>\n\n\n\n<figure class=\"wp-block-image size-large\"><img data-id=\"384\" loading=\"lazy\" decoding=\"async\" width=\"1024\" height=\"681\" src=\"https:\/\/avpa.cl\/new\/wp-content\/uploads\/2024\/08\/DSC_0078b-1-1024x681-1.jpg\" alt=\"\" class=\"wp-image-384\" srcset=\"https:\/\/avpa.cl\/new\/wp-content\/uploads\/2024\/08\/DSC_0078b-1-1024x681-1.jpg 1024w, https:\/\/avpa.cl\/new\/wp-content\/uploads\/2024\/08\/DSC_0078b-1-1024x681-1-300x200.jpg 300w, https:\/\/avpa.cl\/new\/wp-content\/uploads\/2024\/08\/DSC_0078b-1-1024x681-1-768x511.jpg 768w\" sizes=\"auto, (max-width: 1024px) 100vw, 1024px\" \/><\/figure>\n\n\n\n<figure class=\"wp-block-image size-large\"><img data-id=\"385\" loading=\"lazy\" decoding=\"async\" width=\"1024\" height=\"681\" src=\"https:\/\/avpa.cl\/new\/wp-content\/uploads\/2024\/08\/DSC_0080b-1-1024x681-1.jpg\" alt=\"\" class=\"wp-image-385\" srcset=\"https:\/\/avpa.cl\/new\/wp-content\/uploads\/2024\/08\/DSC_0080b-1-1024x681-1.jpg 1024w, https:\/\/avpa.cl\/new\/wp-content\/uploads\/2024\/08\/DSC_0080b-1-1024x681-1-300x200.jpg 300w, https:\/\/avpa.cl\/new\/wp-content\/uploads\/2024\/08\/DSC_0080b-1-1024x681-1-768x511.jpg 768w\" sizes=\"auto, (max-width: 1024px) 100vw, 1024px\" \/><\/figure>\n\n\n\n<figure class=\"wp-block-image size-large\"><img data-id=\"386\" loading=\"lazy\" decoding=\"async\" width=\"1024\" height=\"681\" src=\"https:\/\/avpa.cl\/new\/wp-content\/uploads\/2024\/08\/DSC_0084b-1-1024x681-1.jpg\" alt=\"\" class=\"wp-image-386\" srcset=\"https:\/\/avpa.cl\/new\/wp-content\/uploads\/2024\/08\/DSC_0084b-1-1024x681-1.jpg 1024w, https:\/\/avpa.cl\/new\/wp-content\/uploads\/2024\/08\/DSC_0084b-1-1024x681-1-300x200.jpg 300w, https:\/\/avpa.cl\/new\/wp-content\/uploads\/2024\/08\/DSC_0084b-1-1024x681-1-768x511.jpg 768w\" sizes=\"auto, (max-width: 1024px) 100vw, 1024px\" \/><\/figure>\n<\/figure>\n<\/div><\/div><\/div><\/div><\/div><div class=\"vce-col vce-col--md-30p vce-col--xs-1 vce-col--xs-last vce-col--xs-first vce-col--sm-last vce-col--sm-first vce-col--md-last vce-col--lg-last vce-col--xl-last\" id=\"el-cd192c42\"><div class=\"vce-col-inner\" data-vce-do-apply=\"border margin background  el-cd192c42\"><div class=\"vce-col-content\" data-vce-element-content=\"true\" data-vce-do-apply=\"padding el-cd192c42\"><div class=\"vce-shortcode\"><div class=\"vce-shortcode-wrapper vce\" id=\"el-1ebb9768\" data-vce-do-apply=\"all el-1ebb9768\"><style type=\"text\/css\">\r\n       .errordiv { padding:10px; margin:10px; border: 1px solid #555555;color: #000000;background-color: #f8f8f8; width:500px; }#advanced_iframe {visibility:visible;opacity:1;vertical-align:top;}.ai-info-bottom-iframe { position: fixed; z-index: 10000; bottom:0; left: 0; margin: 0px; text-align: center; width: 100%; background-color: #ff9999; padding-left: 5px;padding-bottom: 5px; border-top: 1px solid #aaa } a.ai-bold {font-weight: bold;}#ai-layer-div-advanced_iframe p {height:100%;margin:0;padding:0}<\/style><script type=\"text\/javascript\">var ai_iframe_width_advanced_iframe = 0;var ai_iframe_height_advanced_iframe = 0;function aiReceiveMessageadvanced_iframe(event) {  aiProcessMessage(event,\"advanced_iframe\", \"true\");}if (window.addEventListener) {  window.addEventListener(\"message\", aiReceiveMessageadvanced_iframe);} else if (el.attachEvent)  {  el.attachEvent(\"message\", aiReceiveMessageadvanced_iframe);}var aiIsIe8=false;var aiOnloadScrollTop=\"true\";var aiShowDebug=false;\r\n\t\tif (typeof aiReadyCallbacks === 'undefined') {\r\n\t\t\tvar aiReadyCallbacks = [];  \r\n\t\t} else if (!(aiReadyCallbacks instanceof Array)) {\r\n\t\t\tvar aiReadyCallbacks = [];\r\n\t\t}    function aiShowIframeId(id_iframe) { jQuery(\"#\"+id_iframe).css(\"visibility\", \"visible\");    }    function aiResizeIframeHeight(height) { aiResizeIframeHeight(height,advanced_iframe); }    function aiResizeIframeHeightId(height,width,id) {aiResizeIframeHeightById(id,height);}<\/script><iframe id=\"advanced_iframe\"  name=\"advanced_iframe\"  src=\"https:\/\/avpa.cl\/online\/sidebar.php\"  width=\"100%\"  height=\"100vh\"  scrolling=\"no\"  frameborder=\"0\"  allowtransparency=\"true\"  loading=\"lazy\"  style=\";width:100%;height:100vh;\"  onload='aiResizeIframe(this, &quot;false&quot;,&quot;1&quot;)' ><\/iframe><script type=\"text\/javascript\">var ifrm_advanced_iframe = document.getElementById(\"advanced_iframe\");var hiddenTabsDoneadvanced_iframe = false;\r\nfunction resizeCallbackadvanced_iframe() {}<\/script><script type=\"text\/javascript\"><\/script><\/div><\/div><\/div><\/div><\/div><\/div><\/div><\/div>","protected":false},"excerpt":{"rendered":"<p>Con fecha s\u00e1bado 13 de octubre de 2018, la Asociaci\u00f3n en conjunto con los Colegios The British School y Alem\u00e1n de Punta Arenas, desarroll\u00f3 un encuentro Mini para menores entre 7 y 12 a\u00f1os, quienes mostraron gran entusiasmo y j\u00fabilo. Agradecimos en su momento a los profesores Roberthino Hodge, Alejandro Alvarado y Johana Araya, por&hellip;&nbsp;<a href=\"https:\/\/avpa.cl\/new\/escuelas-mini\/\" class=\"\" rel=\"bookmark\">Read More &raquo;<span class=\"screen-reader-text\">Escuelas mini<\/span><\/a><\/p>\n","protected":false},"author":1,"featured_media":0,"parent":0,"menu_order":0,"comment_status":"closed","ping_status":"closed","template":"","meta":{"neve_meta_sidebar":"","neve_meta_container":"","neve_meta_enable_content_width":"","neve_meta_content_width":0,"neve_meta_title_alignment":"","neve_meta_author_avatar":"","neve_post_elements_order":"","neve_meta_disable_header":"","neve_meta_disable_footer":"","neve_meta_disable_title":"","footnotes":""},"class_list":["post-133","page","type-page","status-publish","hentry"],"_links":{"self":[{"href":"https:\/\/avpa.cl\/new\/wp-json\/wp\/v2\/pages\/133","targetHints":{"allow":["GET"]}}],"collection":[{"href":"https:\/\/avpa.cl\/new\/wp-json\/wp\/v2\/pages"}],"about":[{"href":"https:\/\/avpa.cl\/new\/wp-json\/wp\/v2\/types\/page"}],"author":[{"embeddable":true,"href":"https:\/\/avpa.cl\/new\/wp-json\/wp\/v2\/users\/1"}],"replies":[{"embeddable":true,"href":"https:\/\/avpa.cl\/new\/wp-json\/wp\/v2\/comments?post=133"}],"version-history":[{"count":4,"href":"https:\/\/avpa.cl\/new\/wp-json\/wp\/v2\/pages\/133\/revisions"}],"predecessor-version":[{"id":570,"href":"https:\/\/avpa.cl\/new\/wp-json\/wp\/v2\/pages\/133\/revisions\/570"}],"wp:attachment":[{"href":"https:\/\/avpa.cl\/new\/wp-json\/wp\/v2\/media?parent=133"}],"curies":[{"name":"wp","href":"https:\/\/api.w.org\/{rel}","templated":true}]}}