{"id":51,"date":"2024-07-30T17:00:31","date_gmt":"2024-07-30T20:00:31","guid":{"rendered":"https:\/\/avpa.cl\/new\/?page_id=51"},"modified":"2024-08-02T15:16:33","modified_gmt":"2024-08-02T18:16:33","slug":"directiva","status":"publish","type":"page","link":"https:\/\/avpa.cl\/new\/directiva\/","title":{"rendered":"Directiva"},"content":{"rendered":"<div class=\"vce-row-container\" data-vce-boxed-width=\"true\"><div class=\"vce-row vce-row--col-gap-30 vce-row-equal-height vce-row-content--top\" id=\"el-4fd540ef\" data-vce-do-apply=\"all el-4fd540ef\"><div class=\"vce-row-content\" data-vce-element-content=\"true\"><div class=\"vce-col vce-col--md-15p vce-col--xs-1 vce-col--xs-last vce-col--xs-first vce-col--sm-last vce-col--sm-first vce-col--md-first vce-col--lg-first vce-col--xl-first\" id=\"el-0cf0343d\"><div class=\"vce-col-inner\" data-vce-do-apply=\"border margin background  el-0cf0343d\"><div class=\"vce-col-content\" data-vce-element-content=\"true\" data-vce-do-apply=\"padding el-0cf0343d\"><div class=\"vce-single-image-container vce-single-image--align-left\"><div class=\"vce vce-single-image-wrapper\" id=\"el-ed5b8905\" data-vce-do-apply=\"all el-ed5b8905\"><figure><div class=\"vce-single-image-figure-inner\" style=\"width: 115px;\"><div class=\"vce-single-image-inner vce-single-image--absolute\" style=\"width: 100%; padding-bottom: 130.435%;\"><img loading=\"lazy\" decoding=\"async\" class=\"vce-single-image\"  width=\"115\" height=\"150\" srcset=\"https:\/\/avpa.cl\/new\/wp-content\/uploads\/2024\/08\/Silueta_Persona_115X150-115x150.png 115w\" src=\"https:\/\/avpa.cl\/new\/wp-content\/uploads\/2024\/08\/Silueta_Persona_115X150-115x150.png\" data-img-src=\"https:\/\/avpa.cl\/new\/wp-content\/uploads\/2024\/08\/Silueta_Persona_115X150.png\" data-attachment-id=\"498\"  alt=\"\" title=\"Silueta_Persona_115X150\" \/><\/div><\/div><figcaption hidden=\"\"><\/figcaption><\/figure><\/div><\/div><\/div><\/div><\/div><div class=\"vce-col vce-col--md-85p vce-col--xs-1 vce-col--xs-last vce-col--xs-first vce-col--sm-last vce-col--sm-first vce-col--md-last vce-col--lg-last vce-col--xl-last\" id=\"el-1c5c2160\"><div class=\"vce-col-inner\" data-vce-do-apply=\"border margin background  el-1c5c2160\"><div class=\"vce-col-content\" data-vce-element-content=\"true\" data-vce-do-apply=\"padding el-1c5c2160\"><div class=\"vce-text-block\"><div class=\"vce-text-block-wrapper vce\" id=\"el-6f6164a2\" data-vce-do-apply=\"all el-6f6164a2\"><h4>&nbsp;<\/h4><h4 style=\"line-height: 0.5;\"><span style=\"color: #222222;\">Sebast\u00edan Ponce Cerda<\/span><\/h4><h5 style=\"line-height: 0.5;\"><span style=\"color: #555555;\">Presidente<\/span><\/h5><\/div><\/div><\/div><\/div><\/div><\/div><\/div><\/div><div class=\"vce-row-container\" data-vce-boxed-width=\"true\"><div class=\"vce-row vce-row--col-gap-30 vce-row-equal-height vce-row-content--top\" id=\"el-2efe32c0\" data-vce-do-apply=\"all el-2efe32c0\"><div class=\"vce-row-content\" data-vce-element-content=\"true\"><div class=\"vce-col vce-col--md-15p vce-col--xs-1 vce-col--xs-last vce-col--xs-first vce-col--sm-last vce-col--sm-first vce-col--md-first vce-col--lg-first vce-col--xl-first\" id=\"el-9c98d95b\"><div class=\"vce-col-inner\" data-vce-do-apply=\"border margin background  el-9c98d95b\"><div class=\"vce-col-content\" data-vce-element-content=\"true\" data-vce-do-apply=\"padding el-9c98d95b\"><div class=\"vce-single-image-container vce-single-image--align-left\"><div class=\"vce vce-single-image-wrapper\" id=\"el-1372d490\" data-vce-do-apply=\"all el-1372d490\"><figure><div class=\"vce-single-image-figure-inner\" style=\"width: 115px;\"><div class=\"vce-single-image-inner vce-single-image--absolute\" style=\"width: 100%; padding-bottom: 130.435%;\"><img loading=\"lazy\" decoding=\"async\" class=\"vce-single-image\"  width=\"115\" height=\"150\" srcset=\"https:\/\/avpa.cl\/new\/wp-content\/uploads\/2024\/08\/Silueta_Persona_115X150-115x150.png 115w\" src=\"https:\/\/avpa.cl\/new\/wp-content\/uploads\/2024\/08\/Silueta_Persona_115X150-115x150.png\" data-img-src=\"https:\/\/avpa.cl\/new\/wp-content\/uploads\/2024\/08\/Silueta_Persona_115X150.png\" data-attachment-id=\"498\"  alt=\"\" title=\"Silueta_Persona_115X150\" \/><\/div><\/div><figcaption hidden=\"\"><\/figcaption><\/figure><\/div><\/div><\/div><\/div><\/div><div class=\"vce-col vce-col--md-85p vce-col--xs-1 vce-col--xs-last vce-col--xs-first vce-col--sm-last vce-col--sm-first vce-col--md-last vce-col--lg-last vce-col--xl-last\" id=\"el-f5e4bd45\"><div class=\"vce-col-inner\" data-vce-do-apply=\"border margin background  el-f5e4bd45\"><div class=\"vce-col-content\" data-vce-element-content=\"true\" data-vce-do-apply=\"padding el-f5e4bd45\"><div class=\"vce-text-block\"><div class=\"vce-text-block-wrapper vce\" id=\"el-b5ce268b\" data-vce-do-apply=\"all el-b5ce268b\"><h4>&nbsp;<\/h4><h4 style=\"line-height: 0.5;\"><span style=\"color: #222222;\">Roberto Rivera Flores<\/span><\/h4><h5 style=\"line-height: 0.5;\"><span style=\"color: #555555;\">Vicepresidente<\/span><\/h5><\/div><\/div><\/div><\/div><\/div><\/div><\/div><\/div><div class=\"vce-row-container\" data-vce-boxed-width=\"true\"><div class=\"vce-row vce-row--col-gap-30 vce-row-equal-height vce-row-content--top\" id=\"el-a7d92be7\" data-vce-do-apply=\"all el-a7d92be7\"><div class=\"vce-row-content\" data-vce-element-content=\"true\"><div class=\"vce-col vce-col--md-15p vce-col--xs-1 vce-col--xs-last vce-col--xs-first vce-col--sm-last vce-col--sm-first vce-col--md-first vce-col--lg-first vce-col--xl-first\" id=\"el-ff98150c\"><div class=\"vce-col-inner\" data-vce-do-apply=\"border margin background  el-ff98150c\"><div class=\"vce-col-content\" data-vce-element-content=\"true\" data-vce-do-apply=\"padding el-ff98150c\"><div class=\"vce-single-image-container vce-single-image--align-left\"><div class=\"vce vce-single-image-wrapper\" id=\"el-cc4ce359\" data-vce-do-apply=\"all el-cc4ce359\"><figure><div class=\"vce-single-image-figure-inner\" style=\"width: 115px;\"><div class=\"vce-single-image-inner vce-single-image--absolute\" style=\"width: 100%; padding-bottom: 130.435%;\"><img loading=\"lazy\" decoding=\"async\" class=\"vce-single-image\"  width=\"115\" height=\"150\" srcset=\"https:\/\/avpa.cl\/new\/wp-content\/uploads\/2024\/08\/Silueta_Persona_115X150-115x150.png 115w\" src=\"https:\/\/avpa.cl\/new\/wp-content\/uploads\/2024\/08\/Silueta_Persona_115X150-115x150.png\" data-img-src=\"https:\/\/avpa.cl\/new\/wp-content\/uploads\/2024\/08\/Silueta_Persona_115X150.png\" data-attachment-id=\"498\"  alt=\"\" title=\"Silueta_Persona_115X150\" \/><\/div><\/div><figcaption hidden=\"\"><\/figcaption><\/figure><\/div><\/div><\/div><\/div><\/div><div class=\"vce-col vce-col--md-85p vce-col--xs-1 vce-col--xs-last vce-col--xs-first vce-col--sm-last vce-col--sm-first vce-col--md-last vce-col--lg-last vce-col--xl-last\" id=\"el-1c2c4d13\"><div class=\"vce-col-inner\" data-vce-do-apply=\"border margin background  el-1c2c4d13\"><div class=\"vce-col-content\" data-vce-element-content=\"true\" data-vce-do-apply=\"padding el-1c2c4d13\"><div class=\"vce-text-block\"><div class=\"vce-text-block-wrapper vce\" id=\"el-8b3ce18d\" data-vce-do-apply=\"all el-8b3ce18d\"><h4>&nbsp;<\/h4><h4 style=\"line-height: 0.5;\"><span style=\"color: #222222;\">M\u00f3nica Nahuelcar Soto<\/span><\/h4><h5 style=\"line-height: 0.5;\"><span style=\"color: #555555;\">Secretaria<\/span><\/h5><\/div><\/div><\/div><\/div><\/div><\/div><\/div><\/div><div class=\"vce-row-container\" data-vce-boxed-width=\"true\"><div class=\"vce-row vce-row--col-gap-30 vce-row-equal-height vce-row-content--top\" id=\"el-d97ea41a\" data-vce-do-apply=\"all el-d97ea41a\"><div class=\"vce-row-content\" data-vce-element-content=\"true\"><div class=\"vce-col vce-col--md-15p vce-col--xs-1 vce-col--xs-last vce-col--xs-first vce-col--sm-last vce-col--sm-first vce-col--md-first vce-col--lg-first vce-col--xl-first\" id=\"el-b3eaaa01\"><div class=\"vce-col-inner\" data-vce-do-apply=\"border margin background  el-b3eaaa01\"><div class=\"vce-col-content\" data-vce-element-content=\"true\" data-vce-do-apply=\"padding el-b3eaaa01\"><div class=\"vce-single-image-container vce-single-image--align-left\"><div class=\"vce vce-single-image-wrapper\" id=\"el-1d857fc0\" data-vce-do-apply=\"all el-1d857fc0\"><figure><div class=\"vce-single-image-figure-inner\" style=\"width: 115px;\"><div class=\"vce-single-image-inner vce-single-image--absolute\" style=\"width: 100%; padding-bottom: 130.435%;\"><img loading=\"lazy\" decoding=\"async\" class=\"vce-single-image\"  width=\"115\" height=\"150\" srcset=\"https:\/\/avpa.cl\/new\/wp-content\/uploads\/2024\/08\/Silueta_Persona_115X150-115x150.png 115w\" src=\"https:\/\/avpa.cl\/new\/wp-content\/uploads\/2024\/08\/Silueta_Persona_115X150-115x150.png\" data-img-src=\"https:\/\/avpa.cl\/new\/wp-content\/uploads\/2024\/08\/Silueta_Persona_115X150.png\" data-attachment-id=\"498\"  alt=\"\" title=\"Silueta_Persona_115X150\" \/><\/div><\/div><figcaption hidden=\"\"><\/figcaption><\/figure><\/div><\/div><\/div><\/div><\/div><div class=\"vce-col vce-col--md-85p vce-col--xs-1 vce-col--xs-last vce-col--xs-first vce-col--sm-last vce-col--sm-first vce-col--md-last vce-col--lg-last vce-col--xl-last\" id=\"el-f4382ec6\"><div class=\"vce-col-inner\" data-vce-do-apply=\"border margin background  el-f4382ec6\"><div class=\"vce-col-content\" data-vce-element-content=\"true\" data-vce-do-apply=\"padding el-f4382ec6\"><div class=\"vce-text-block\"><div class=\"vce-text-block-wrapper vce\" id=\"el-576fb3f9\" data-vce-do-apply=\"all el-576fb3f9\"><h4>&nbsp;<\/h4><h4 style=\"line-height: 0.5;\"><span style=\"color: #222222;\">Christian Hasember<\/span><\/h4><h5 style=\"line-height: 0.5;\"><span style=\"color: #555555;\">Tesorero<\/span><\/h5><\/div><\/div><\/div><\/div><\/div><\/div><\/div><\/div><div class=\"vce-row-container\" data-vce-boxed-width=\"true\"><div class=\"vce-row vce-row--col-gap-30 vce-row-equal-height vce-row-content--top\" id=\"el-4266be88\" data-vce-do-apply=\"all el-4266be88\"><div class=\"vce-row-content\" data-vce-element-content=\"true\"><div class=\"vce-col vce-col--md-15p vce-col--xs-1 vce-col--xs-last vce-col--xs-first vce-col--sm-last vce-col--sm-first vce-col--md-first vce-col--lg-first vce-col--xl-first\" id=\"el-2b8a5ccc\"><div class=\"vce-col-inner\" data-vce-do-apply=\"border margin background  el-2b8a5ccc\"><div class=\"vce-col-content\" data-vce-element-content=\"true\" data-vce-do-apply=\"padding el-2b8a5ccc\"><div class=\"vce-single-image-container vce-single-image--align-left\"><div class=\"vce vce-single-image-wrapper\" id=\"el-63ad0210\" data-vce-do-apply=\"all el-63ad0210\"><figure><div class=\"vce-single-image-figure-inner\" style=\"width: 115px;\"><div class=\"vce-single-image-inner vce-single-image--absolute\" style=\"padding-bottom: 130.435%; width: 100%;\"><img loading=\"lazy\" decoding=\"async\" class=\"vce-single-image\"  width=\"115\" height=\"150\" srcset=\"https:\/\/avpa.cl\/new\/wp-content\/uploads\/2024\/08\/Silueta_Persona_115X150-115x150.png 115w\" src=\"https:\/\/avpa.cl\/new\/wp-content\/uploads\/2024\/08\/Silueta_Persona_115X150-115x150.png\" data-img-src=\"https:\/\/avpa.cl\/new\/wp-content\/uploads\/2024\/08\/Silueta_Persona_115X150.png\" data-attachment-id=\"498\"  alt=\"\" title=\"Silueta_Persona_115X150\" \/><\/div><\/div><figcaption hidden=\"\"><\/figcaption><\/figure><\/div><\/div><\/div><\/div><\/div><div class=\"vce-col vce-col--md-85p vce-col--xs-1 vce-col--xs-last vce-col--xs-first vce-col--sm-last vce-col--sm-first vce-col--md-last vce-col--lg-last vce-col--xl-last\" id=\"el-f0ee291f\"><div class=\"vce-col-inner\" data-vce-do-apply=\"border margin background  el-f0ee291f\"><div class=\"vce-col-content\" data-vce-element-content=\"true\" data-vce-do-apply=\"padding el-f0ee291f\"><div class=\"vce-text-block\"><div class=\"vce-text-block-wrapper vce\" id=\"el-3f6f5cea\" data-vce-do-apply=\"all el-3f6f5cea\"><h4>&nbsp;<\/h4><h4 style=\"line-height: 0.5;\"><span style=\"color: #222222;\">M\u00f3nica C\u00e1rcamo<\/span><\/h4><h5 style=\"line-height: 0.5;\"><span style=\"color: #555555;\">Directora<\/span><\/h5><\/div><\/div><\/div><\/div><\/div><\/div><\/div><\/div>\n","protected":false},"excerpt":{"rendered":"<p>&nbsp;Sebast\u00edan Ponce CerdaPresidente&nbsp;Roberto Rivera FloresVicepresidente&nbsp;M\u00f3nica Nahuelcar SotoSecretaria&nbsp;Christian HasemberTesorero&nbsp;M\u00f3nica C\u00e1rcamoDirectora<\/p>\n","protected":false},"author":1,"featured_media":0,"parent":0,"menu_order":0,"comment_status":"closed","ping_status":"closed","template":"","meta":{"neve_meta_sidebar":"","neve_meta_container":"","neve_meta_enable_content_width":"off","neve_meta_content_width":100,"neve_meta_title_alignment":"","neve_meta_author_avatar":"","neve_post_elements_order":"","neve_meta_disable_header":"","neve_meta_disable_footer":"","neve_meta_disable_title":"","footnotes":""},"class_list":["post-51","page","type-page","status-publish","hentry"],"_links":{"self":[{"href":"https:\/\/avpa.cl\/new\/wp-json\/wp\/v2\/pages\/51","targetHints":{"allow":["GET"]}}],"collection":[{"href":"https:\/\/avpa.cl\/new\/wp-json\/wp\/v2\/pages"}],"about":[{"href":"https:\/\/avpa.cl\/new\/wp-json\/wp\/v2\/types\/page"}],"author":[{"embeddable":true,"href":"https:\/\/avpa.cl\/new\/wp-json\/wp\/v2\/users\/1"}],"replies":[{"embeddable":true,"href":"https:\/\/avpa.cl\/new\/wp-json\/wp\/v2\/comments?post=51"}],"version-history":[{"count":5,"href":"https:\/\/avpa.cl\/new\/wp-json\/wp\/v2\/pages\/51\/revisions"}],"predecessor-version":[{"id":516,"href":"https:\/\/avpa.cl\/new\/wp-json\/wp\/v2\/pages\/51\/revisions\/516"}],"wp:attachment":[{"href":"https:\/\/avpa.cl\/new\/wp-json\/wp\/v2\/media?parent=51"}],"curies":[{"name":"wp","href":"https:\/\/api.w.org\/{rel}","templated":true}]}}